{"id":690,"date":"2025-02-12T20:25:19","date_gmt":"2025-02-12T20:25:19","guid":{"rendered":"https:\/\/artelamasa.es\/?page_id=690"},"modified":"2025-02-12T20:26:36","modified_gmt":"2025-02-12T20:26:36","slug":"politica-de-cookies","status":"publish","type":"page","link":"https:\/\/artelamasa.es\/?page_id=690","title":{"rendered":"Politica de cookies"},"content":{"rendered":"\t\t<div data-elementor-type=\"wp-page\" data-elementor-id=\"690\" class=\"elementor elementor-690\" data-elementor-post-type=\"page\">\n\t\t\t\t<div class=\"elementor-element elementor-element-6c6d144 e-flex e-con-boxed e-con e-parent\" data-id=\"6c6d144\" data-element_type=\"container\" data-e-type=\"container\">\n\t\t\t\t\t<div class=\"e-con-inner\">\n\t\t\t\t<div class=\"elementor-element elementor-element-307b032 elementor-widget elementor-widget-text-editor\" data-id=\"307b032\" data-element_type=\"widget\" data-e-type=\"widget\" data-widget_type=\"text-editor.default\">\n\t\t\t\t<div class=\"elementor-widget-container\">\n\t\t\t\t\t\t\t\t\t<h3>Pol\u00edtica de Cookies<\/h3><p><strong>\u00bfQU\u00c9 SON LAS COOKIES?<\/strong><\/p><p>Las Cookies, y otras t\u00e9cnicas similares, son ficheros de texto o imagen que el sitio web al que se accede instala en el equipo o dispositivo (PC, Smartphone, Tablet, etc.) del usuario para registrar la actividad de su navegaci\u00f3n a trav\u00e9s de las p\u00e1ginas y secciones del Sitio Web.<\/p><p>Las Cookies se asocian \u00fanicamente a un c\u00f3digo (ID) que identifica el dispositivo y el navegador que utiliza en cada visita, por lo que no proporcionan referencias que permitan deducir otros datos personales del usuario.<\/p><p><strong>\u00bfPARA QU\u00c9 SE UTILIZAN LAS COOKIES?<\/strong><\/p><p>Este Sitio Web utiliza Cookies:<\/p><p>a) con el objetivo de ofrecer al usuario contenidos e informaci\u00f3n m\u00e1s adecuados a sus intereses y facilitar su navegaci\u00f3n a trav\u00e9s de nuestras p\u00e1ginas.<\/p><p>b) para registrar las preferencias del Usuario y proporcionarle un acceso m\u00e1s r\u00e1pido.<\/p><p>c) para realizar un seguimiento y analizar los usos del Usuario de un servicio con el fin de elaborar perfiles de navegaci\u00f3n estad\u00edsticos que ayuden a la optimizaci\u00f3n y mejora de la experiencia de uso del sitio web (por ejemplo, recordar los productos incluidos en el \u201ccarrito de la compra\u201d).<\/p><p>Para usuarios registrados la informaci\u00f3n ser\u00e1 tratada conforme a lo indicado en la Pol\u00edtica o Cl\u00e1usula de Privacidad que haya aceptado el Usuario al registrarse, y conforme a lo indicado en la presente Pol\u00edtica de Cookies.<\/p><p><strong>\u00bfQU\u00c9 TIPOS DE COOKIES HAY EN EL SITIO WEB Y CU\u00c1LES SON SUS FINALIDADES?<\/strong><\/p><p>En funci\u00f3n de su duraci\u00f3n, las Cookies pueden dividirse en:<\/p><ul><li>Cookies de sesi\u00f3n: Estas expiran cuando el Usuario cierra el navegador y se borran del ordenador o dispositivo en ese momento.<\/li><li>Cookies persistentes: Expiran en funci\u00f3n de cuando se cumpla el objetivo para el que sirven (por ejemplo, para que el Usuario se mantenga identificado en el Sitio Web) o bien cuando se borran manualmente.<\/li><\/ul><p>En funci\u00f3n de qui\u00e9n crea la Cookie se clasifican en:<\/p><ul><li>Cookies propias: Son las que env\u00edan a tu ordenador o dispositivo nuestros Servicios Webs y son gestionadas exclusivamente por el responsable.<\/li><li>Cookies de terceros: Aquellas que son enviadas por entidades ajenas al responsable y que se activan cuando se accede desde el Sitio Web a redes sociales o a visualizar videos.<\/li><\/ul><p><strong>\u00bfQUI\u00c9NES SON LOS DESTINATARIOS DE LA INFORMACI\u00d3N?<\/strong><\/p><p>La informaci\u00f3n obtenida a trav\u00e9s de las cookies del Sitio Web la conocer\u00e1n las empresas colaboradoras, con las finalidades descritas en esta pol\u00edtica.<\/p><p><strong>\u00bfEL USO DE COOKIES AFECTA A LA PROTECCI\u00d3N DE MIS DATOS PERSONALES?<\/strong><\/p><p>La mayor\u00eda de las cookies recopilan informaci\u00f3n an\u00f3nima, que no permite obtener la identidad del usuario, si bien algunos de los c\u00f3digos que se incluyen sirven para singularizar o individualizar al navegador de su dispositivo utilizado, pudiendo ser de aplicaci\u00f3n la normativa en materia de protecci\u00f3n de datos personales. Por ello, le informamos de que la informaci\u00f3n que se obtiene por medio de las cookies, ser\u00e1 tratada con las finalidades indicadas en la presente Pol\u00edtica de Cookies.<\/p><p>No obstante, teniendo en cuenta que estos c\u00f3digos no permiten la identificaci\u00f3n del Usuario, no ser\u00e1n aplicables los derechos de acceso, rectificaci\u00f3n, supresi\u00f3n, oposici\u00f3n, limitaci\u00f3n y portabilidad reconocidos en la normativa de protecci\u00f3n de datos, salvo que el Usuario sea capaz de aportar informaci\u00f3n adicional que permita vincular su identidad con los c\u00f3digos identificativos de sus cookies.<\/p><p>En caso de considerar vulnerado su derecho a la protecci\u00f3n de datos, el usuario podr\u00e1 interponer una reclamaci\u00f3n ante la Agencia Espa\u00f1ola de Protecci\u00f3n de Datos (www.aepd.es).<\/p><p>Por otro lado, le informamos que algunos de nuestros proveedores, socios y colaboradores pueden estar ubicados en Estados Unidos u otros pa\u00edses cuya legislaci\u00f3n no ofrece un nivel de protecci\u00f3n de datos equivalente al europeo; no obstante, algunos de ellos s\u00ed aportan garant\u00edas adecuadas en materia de protecci\u00f3n de datos mediante su adhesi\u00f3n al marco de trabajo del\u00a0Escudo de Privacidad.<\/p><p><strong>ACTUALIZACIONES Y CAMBIOS EN LA POL\u00cdTICA DE PRIVACIDAD\/COOKIES:<\/strong><\/p><p>El responsable del Sitio Web puede modificar esta Pol\u00edtica de Cookies en funci\u00f3n de exigencias legislativas, reglamentarias, o con la finalidad de adaptar dicha pol\u00edtica a las instrucciones dictadas por la Agencia Espa\u00f1ola de Protecci\u00f3n de Datos, por ello se aconseja a los Usuarios que la visiten peri\u00f3dicamente.<\/p>\t\t\t\t\t\t\t\t<\/div>\n\t\t\t\t<\/div>\n\t\t\t\t\t<\/div>\n\t\t\t\t<\/div>\n\t\t\t\t<\/div>\n\t\t","protected":false},"excerpt":{"rendered":"<p>Pol\u00edtica de Cookies \u00bfQU\u00c9 SON LAS COOKIES? Las Cookies, y otras t\u00e9cnicas similares, son ficheros de texto o imagen que [&hellip;]<\/p>\n","protected":false},"author":1,"featured_media":0,"parent":0,"menu_order":0,"comment_status":"closed","ping_status":"closed","template":"","meta":{"site-sidebar-layout":"no-sidebar","site-content-layout":"","ast-site-content-layout":"full-width-container","site-content-style":"default","site-sidebar-style":"default","ast-global-header-display":"","ast-banner-title-visibility":"","ast-main-header-display":"","ast-hfb-above-header-display":"","ast-hfb-below-header-display":"","ast-hfb-mobile-header-display":"","site-post-title":"disabled","ast-breadcrumbs-content":"","ast-featured-img":"disabled","footer-sml-layout":"","ast-disable-related-posts":"","theme-transparent-header-meta":"","adv-header-id-meta":"","stick-header-meta":"","header-above-stick-meta":"","header-main-stick-meta":"","header-below-stick-meta":"","astra-migrate-meta-layouts":"default","ast-page-background-enabled":"default","ast-page-background-meta":{"desktop":{"background-color":"var(--ast-global-color-5)","background-image":"","background-repeat":"repeat","background-position":"center center","background-size":"auto","background-attachment":"scroll","background-type":"","background-media":"","overlay-type":"","overlay-color":"","overlay-opacity":"","overlay-gradient":""},"tablet":{"background-color":"","background-image":"","background-repeat":"repeat","background-position":"center center","background-size":"auto","background-attachment":"scroll","background-type":"","background-media":"","overlay-type":"","overlay-color":"","overlay-opacity":"","overlay-gradient":""},"mobile":{"background-color":"","background-image":"","background-repeat":"repeat","background-position":"center center","background-size":"auto","background-attachment":"scroll","background-type":"","background-media":"","overlay-type":"","overlay-color":"","overlay-opacity":"","overlay-gradient":""}},"ast-content-background-meta":{"desktop":{"background-color":"var(--ast-global-color-4)","background-image":"","background-repeat":"repeat","background-position":"center center","background-size":"auto","background-attachment":"scroll","background-type":"","background-media":"","overlay-type":"","overlay-color":"","overlay-opacity":"","overlay-gradient":""},"tablet":{"background-color":"var(--ast-global-color-4)","background-image":"","background-repeat":"repeat","background-position":"center center","background-size":"auto","background-attachment":"scroll","background-type":"","background-media":"","overlay-type":"","overlay-color":"","overlay-opacity":"","overlay-gradient":""},"mobile":{"background-color":"var(--ast-global-color-4)","background-image":"","background-repeat":"repeat","background-position":"center center","background-size":"auto","background-attachment":"scroll","background-type":"","background-media":"","overlay-type":"","overlay-color":"","overlay-opacity":"","overlay-gradient":""}},"footnotes":""},"class_list":["post-690","page","type-page","status-publish","hentry"],"_links":{"self":[{"href":"https:\/\/artelamasa.es\/index.php?rest_route=\/wp\/v2\/pages\/690","targetHints":{"allow":["GET"]}}],"collection":[{"href":"https:\/\/artelamasa.es\/index.php?rest_route=\/wp\/v2\/pages"}],"about":[{"href":"https:\/\/artelamasa.es\/index.php?rest_route=\/wp\/v2\/types\/page"}],"author":[{"embeddable":true,"href":"https:\/\/artelamasa.es\/index.php?rest_route=\/wp\/v2\/users\/1"}],"replies":[{"embeddable":true,"href":"https:\/\/artelamasa.es\/index.php?rest_route=%2Fwp%2Fv2%2Fcomments&post=690"}],"version-history":[{"count":4,"href":"https:\/\/artelamasa.es\/index.php?rest_route=\/wp\/v2\/pages\/690\/revisions"}],"predecessor-version":[{"id":694,"href":"https:\/\/artelamasa.es\/index.php?rest_route=\/wp\/v2\/pages\/690\/revisions\/694"}],"wp:attachment":[{"href":"https:\/\/artelamasa.es\/index.php?rest_route=%2Fwp%2Fv2%2Fmedia&parent=690"}],"curies":[{"name":"wp","href":"https:\/\/api.w.org\/{rel}","templated":true}]}}